{"id":14497,"date":"2025-08-24T18:45:31","date_gmt":"2025-08-24T18:45:31","guid":{"rendered":"https:\/\/zhuoruimech.com\/?post_type=product&#038;p=14497"},"modified":"2025-08-24T18:45:32","modified_gmt":"2025-08-24T18:45:32","slug":"oil-health-management-system","status":"publish","type":"product","link":"https:\/\/zhuoruimech.com\/es\/producto\/sistema-de-gestion-de-la-salud-del-petroleo\/","title":{"rendered":"Sistema de gesti\u00f3n de la salud del aceite"},"content":{"rendered":"<h2>Sistema de gesti\u00f3n de la salud del aceite<\/h2>\n<p>El sistema de gesti\u00f3n de la salud del aceite est\u00e1 dise\u00f1ado para garantizar la limpieza y fiabilidad de los aceites hidr\u00e1ulicos y lubricantes. Combinando funciones de bombeo, filtraci\u00f3n y supervisi\u00f3n integrada, ofrece una soluci\u00f3n integral para mantener la salud del aceite y prolongar la vida \u00fatil de los equipos.<\/p>\n<h2>Caracter\u00edsticas principales<\/h2>\n<ul>\n<li>M\u00faltiples modos de funcionamiento: bombeo, filtraci\u00f3n y funcionamiento integral<\/li>\n<li>Control totalmente automatizado para un funcionamiento sin supervisi\u00f3n y un uso sencillo<\/li>\n<li>Admite tanto la integraci\u00f3n en l\u00ednea con los equipos como la circulaci\u00f3n fuera de l\u00ednea<\/li>\n<li>Mejora la limpieza de 500L de aceite de NAS12 a NAS8 y reduce el contenido de agua de 300ppm a 80ppm en aproximadamente 3 horas.<\/li>\n<li>Control en l\u00ednea en tiempo real del recuento de part\u00edculas y del contenido de agua<\/li>\n<li>Control de la presi\u00f3n diferencial con alarma autom\u00e1tica de obstrucci\u00f3n del filtro<\/li>\n<li>Tecnolog\u00eda de sensores integrada para controlar eficazmente la espuma durante el funcionamiento<\/li>\n<li>Elemento filtrante de fibra de vidrio de gran capacidad con excelente capacidad de retenci\u00f3n de la suciedad, larga vida \u00fatil y bajo coste de funcionamiento<\/li>\n<li>Funcionamiento continuo con gran capacidad de tratamiento de aceite<\/li>\n<li>Adecuado para aplicaciones de interior y exterior<\/li>\n<li>Dise\u00f1o personalizable en funci\u00f3n de los requisitos del usuario en cuanto a temperatura, caudal y precisi\u00f3n de filtraci\u00f3n<\/li>\n<\/ul>\n<h2>Aplicaciones<\/h2>\n<p>Este sistema se utiliza ampliamente en sectores como la generaci\u00f3n de energ\u00eda, la metalurgia, la aviaci\u00f3n, la ingenier\u00eda en alta mar y la maquinaria pesada. Garantiza un funcionamiento estable de los sistemas hidr\u00e1ulicos y de lubricaci\u00f3n al reducir la contaminaci\u00f3n, eliminar el agua y proporcionar una supervisi\u00f3n fiable del estado del aceite. Con su dise\u00f1o automatizado y opciones personalizables, es una opci\u00f3n ideal para la gesti\u00f3n del aceite industrial a gran escala.<\/p>","protected":false},"excerpt":{"rendered":"<p>El sistema de gesti\u00f3n de la salud del aceite integra el bombeo, la filtraci\u00f3n y la supervisi\u00f3n para garantizar una calidad fiable del fluido. Ofrece un funcionamiento automatizado, uso en l\u00ednea o fuera de l\u00ednea y una r\u00e1pida mejora del rendimiento: la limpieza pasa de NAS12 a NAS8 y el contenido de agua se reduce de 300ppm a 80ppm en 3 horas. Adecuado para aplicaciones continuas y a gran escala.<\/p>","protected":false},"featured_media":14498,"comment_status":"open","ping_status":"closed","template":"","meta":[],"etheme_brands":[],"product_brand":[],"product_cat":[15],"product_tag":[],"class_list":{"0":"post-14497","1":"product","2":"type-product","3":"status-publish","4":"has-post-thumbnail","6":"product_cat-other","8":"first","9":"instock","10":"shipping-taxable","11":"product-type-simple"},"yoast_head":"<!-- This site is optimized with the Yoast SEO Premium plugin v25.5 (Yoast SEO v25.5) - https:\/\/yoast.com\/wordpress\/plugins\/seo\/ -->\n<title>Oil Health Management System | Integrated Oil Filtration and Monitoring Solution<\/title>\n<meta name=\"description\" content=\"Advanced oil health management system with filtration, dehydration, and real-time monitoring to improve oil cleanliness and extend equipment life.\" \/>\n<meta name=\"robots\" content=\"index, follow, max-snippet:-1, max-image-preview:large, max-video-preview:-1\" \/>\n<link rel=\"canonical\" href=\"https:\/\/zhuoruimech.com\/es\/producto\/sistema-de-gestion-de-la-salud-del-petroleo\/\" \/>\n<meta property=\"og:locale\" content=\"es_ES\" \/>\n<meta property=\"og:type\" content=\"article\" \/>\n<meta property=\"og:title\" content=\"Oil Health Management System\" \/>\n<meta property=\"og:description\" content=\"Advanced oil health management system with filtration, dehydration, and real-time monitoring to improve oil cleanliness and extend equipment life.\" \/>\n<meta property=\"og:url\" content=\"https:\/\/zhuoruimech.com\/es\/producto\/sistema-de-gestion-de-la-salud-del-petroleo\/\" \/>\n<meta property=\"og:site_name\" content=\"Yangzhou Jiangdu Yongjian Co., Ltd\" \/>\n<meta property=\"article:modified_time\" content=\"2025-08-24T18:45:32+00:00\" \/>\n<meta property=\"og:image\" content=\"https:\/\/zhuoruimech.com\/wp-content\/uploads\/2025\/08\/\u6cb9\u6db2\u5065\u5eb7\u7ba1\u7406\u7cfb\u7edf.png\" \/>\n\t<meta property=\"og:image:width\" content=\"1000\" \/>\n\t<meta property=\"og:image:height\" content=\"1000\" \/>\n\t<meta property=\"og:image:type\" content=\"image\/png\" \/>\n<meta name=\"twitter:card\" content=\"summary_large_image\" \/>\n<meta name=\"twitter:label1\" content=\"Est. reading time\" \/>\n\t<meta name=\"twitter:data1\" content=\"1 minuto\" \/>\n<script type=\"application\/ld+json\" class=\"yoast-schema-graph\">{\"@context\":\"https:\/\/schema.org\",\"@graph\":[{\"@type\":\"WebPage\",\"@id\":\"https:\/\/zhuoruimech.com\/product\/oil-health-management-system\/\",\"url\":\"https:\/\/zhuoruimech.com\/product\/oil-health-management-system\/\",\"name\":\"Oil Health Management System | Integrated Oil Filtration and Monitoring Solution\",\"isPartOf\":{\"@id\":\"https:\/\/zhuoruimech.com\/#website\"},\"primaryImageOfPage\":{\"@id\":\"https:\/\/zhuoruimech.com\/product\/oil-health-management-system\/#primaryimage\"},\"image\":{\"@id\":\"https:\/\/zhuoruimech.com\/product\/oil-health-management-system\/#primaryimage\"},\"thumbnailUrl\":\"https:\/\/zhuoruimech.com\/wp-content\/uploads\/2025\/08\/\u6cb9\u6db2\u5065\u5eb7\u7ba1\u7406\u7cfb\u7edf.png\",\"datePublished\":\"2025-08-24T18:45:31+00:00\",\"dateModified\":\"2025-08-24T18:45:32+00:00\",\"description\":\"Advanced oil health management system with filtration, dehydration, and real-time monitoring to improve oil cleanliness and extend equipment life.\",\"breadcrumb\":{\"@id\":\"https:\/\/zhuoruimech.com\/product\/oil-health-management-system\/#breadcrumb\"},\"inLanguage\":\"es\",\"potentialAction\":[{\"@type\":\"ReadAction\",\"target\":[\"https:\/\/zhuoruimech.com\/product\/oil-health-management-system\/\"]}]},{\"@type\":\"ImageObject\",\"inLanguage\":\"es\",\"@id\":\"https:\/\/zhuoruimech.com\/product\/oil-health-management-system\/#primaryimage\",\"url\":\"https:\/\/zhuoruimech.com\/wp-content\/uploads\/2025\/08\/\u6cb9\u6db2\u5065\u5eb7\u7ba1\u7406\u7cfb\u7edf.png\",\"contentUrl\":\"https:\/\/zhuoruimech.com\/wp-content\/uploads\/2025\/08\/\u6cb9\u6db2\u5065\u5eb7\u7ba1\u7406\u7cfb\u7edf.png\",\"width\":1000,\"height\":1000},{\"@type\":\"BreadcrumbList\",\"@id\":\"https:\/\/zhuoruimech.com\/product\/oil-health-management-system\/#breadcrumb\",\"itemListElement\":[{\"@type\":\"ListItem\",\"position\":1,\"name\":\"Home\",\"item\":\"https:\/\/zhuoruimech.com\/\"},{\"@type\":\"ListItem\",\"position\":2,\"name\":\"Product\",\"item\":\"https:\/\/zhuoruimech.com\/product\/\"},{\"@type\":\"ListItem\",\"position\":3,\"name\":\"Oil Health Management System\"}]},{\"@type\":\"WebSite\",\"@id\":\"https:\/\/zhuoruimech.com\/#website\",\"url\":\"https:\/\/zhuoruimech.com\/\",\"name\":\"Yangzhou Jiangdu Yongjian Co., Ltd\",\"description\":\"Custom Hydraulic Systems Built for Marine, Energy &amp; Infrastructure\",\"publisher\":{\"@id\":\"https:\/\/zhuoruimech.com\/#organization\"},\"potentialAction\":[{\"@type\":\"SearchAction\",\"target\":{\"@type\":\"EntryPoint\",\"urlTemplate\":\"https:\/\/zhuoruimech.com\/?s={search_term_string}\"},\"query-input\":{\"@type\":\"PropertyValueSpecification\",\"valueRequired\":true,\"valueName\":\"search_term_string\"}}],\"inLanguage\":\"es\"},{\"@type\":\"Organization\",\"@id\":\"https:\/\/zhuoruimech.com\/#organization\",\"name\":\"Yangzhou Jiangdu Yongjian Co., Ltd\",\"url\":\"https:\/\/zhuoruimech.com\/\",\"logo\":{\"@type\":\"ImageObject\",\"inLanguage\":\"es\",\"@id\":\"https:\/\/zhuoruimech.com\/#\/schema\/logo\/image\/\",\"url\":\"https:\/\/zhuoruimech.com\/wp-content\/uploads\/2024\/11\/LOGO-4.png\",\"contentUrl\":\"https:\/\/zhuoruimech.com\/wp-content\/uploads\/2024\/11\/LOGO-4.png\",\"width\":800,\"height\":800,\"caption\":\"Yangzhou Jiangdu Yongjian Co., Ltd\"},\"image\":{\"@id\":\"https:\/\/zhuoruimech.com\/#\/schema\/logo\/image\/\"}}]}<\/script>\n<!-- \/ Yoast SEO Premium plugin. -->","yoast_head_json":{"title":"Oil Health Management System | Integrated Oil Filtration and Monitoring Solution","description":"Advanced oil health management system with filtration, dehydration, and real-time monitoring to improve oil cleanliness and extend equipment life.","robots":{"index":"index","follow":"follow","max-snippet":"max-snippet:-1","max-image-preview":"max-image-preview:large","max-video-preview":"max-video-preview:-1"},"canonical":"https:\/\/zhuoruimech.com\/es\/producto\/sistema-de-gestion-de-la-salud-del-petroleo\/","og_locale":"es_ES","og_type":"article","og_title":"Oil Health Management System","og_description":"Advanced oil health management system with filtration, dehydration, and real-time monitoring to improve oil cleanliness and extend equipment life.","og_url":"https:\/\/zhuoruimech.com\/es\/producto\/sistema-de-gestion-de-la-salud-del-petroleo\/","og_site_name":"Yangzhou Jiangdu Yongjian Co., Ltd","article_modified_time":"2025-08-24T18:45:32+00:00","og_image":[{"width":1000,"height":1000,"url":"https:\/\/zhuoruimech.com\/wp-content\/uploads\/2025\/08\/\u6cb9\u6db2\u5065\u5eb7\u7ba1\u7406\u7cfb\u7edf.png","type":"image\/png"}],"twitter_card":"summary_large_image","twitter_misc":{"Est. reading time":"1 minuto"},"schema":{"@context":"https:\/\/schema.org","@graph":[{"@type":"WebPage","@id":"https:\/\/zhuoruimech.com\/product\/oil-health-management-system\/","url":"https:\/\/zhuoruimech.com\/product\/oil-health-management-system\/","name":"Oil Health Management System | Integrated Oil Filtration and Monitoring Solution","isPartOf":{"@id":"https:\/\/zhuoruimech.com\/#website"},"primaryImageOfPage":{"@id":"https:\/\/zhuoruimech.com\/product\/oil-health-management-system\/#primaryimage"},"image":{"@id":"https:\/\/zhuoruimech.com\/product\/oil-health-management-system\/#primaryimage"},"thumbnailUrl":"https:\/\/zhuoruimech.com\/wp-content\/uploads\/2025\/08\/\u6cb9\u6db2\u5065\u5eb7\u7ba1\u7406\u7cfb\u7edf.png","datePublished":"2025-08-24T18:45:31+00:00","dateModified":"2025-08-24T18:45:32+00:00","description":"Advanced oil health management system with filtration, dehydration, and real-time monitoring to improve oil cleanliness and extend equipment life.","breadcrumb":{"@id":"https:\/\/zhuoruimech.com\/product\/oil-health-management-system\/#breadcrumb"},"inLanguage":"es","potentialAction":[{"@type":"ReadAction","target":["https:\/\/zhuoruimech.com\/product\/oil-health-management-system\/"]}]},{"@type":"ImageObject","inLanguage":"es","@id":"https:\/\/zhuoruimech.com\/product\/oil-health-management-system\/#primaryimage","url":"https:\/\/zhuoruimech.com\/wp-content\/uploads\/2025\/08\/\u6cb9\u6db2\u5065\u5eb7\u7ba1\u7406\u7cfb\u7edf.png","contentUrl":"https:\/\/zhuoruimech.com\/wp-content\/uploads\/2025\/08\/\u6cb9\u6db2\u5065\u5eb7\u7ba1\u7406\u7cfb\u7edf.png","width":1000,"height":1000},{"@type":"BreadcrumbList","@id":"https:\/\/zhuoruimech.com\/product\/oil-health-management-system\/#breadcrumb","itemListElement":[{"@type":"ListItem","position":1,"name":"Home","item":"https:\/\/zhuoruimech.com\/"},{"@type":"ListItem","position":2,"name":"Product","item":"https:\/\/zhuoruimech.com\/product\/"},{"@type":"ListItem","position":3,"name":"Oil Health Management System"}]},{"@type":"WebSite","@id":"https:\/\/zhuoruimech.com\/#website","url":"https:\/\/zhuoruimech.com\/","name":"Yangzhou Jiangdu Yongjian Co., Ltd","description":"Custom Hydraulic Systems Built for Marine, Energy &amp; Infrastructure","publisher":{"@id":"https:\/\/zhuoruimech.com\/#organization"},"potentialAction":[{"@type":"SearchAction","target":{"@type":"EntryPoint","urlTemplate":"https:\/\/zhuoruimech.com\/?s={search_term_string}"},"query-input":{"@type":"PropertyValueSpecification","valueRequired":true,"valueName":"search_term_string"}}],"inLanguage":"es"},{"@type":"Organization","@id":"https:\/\/zhuoruimech.com\/#organization","name":"Yangzhou Jiangdu Yongjian Co., Ltd","url":"https:\/\/zhuoruimech.com\/","logo":{"@type":"ImageObject","inLanguage":"es","@id":"https:\/\/zhuoruimech.com\/#\/schema\/logo\/image\/","url":"https:\/\/zhuoruimech.com\/wp-content\/uploads\/2024\/11\/LOGO-4.png","contentUrl":"https:\/\/zhuoruimech.com\/wp-content\/uploads\/2024\/11\/LOGO-4.png","width":800,"height":800,"caption":"Yangzhou Jiangdu Yongjian Co., Ltd"},"image":{"@id":"https:\/\/zhuoruimech.com\/#\/schema\/logo\/image\/"}}]}},"jetpack_sharing_enabled":true,"_links":{"self":[{"href":"https:\/\/zhuoruimech.com\/es\/wp-json\/wp\/v2\/product\/14497","targetHints":{"allow":["GET"]}}],"collection":[{"href":"https:\/\/zhuoruimech.com\/es\/wp-json\/wp\/v2\/product"}],"about":[{"href":"https:\/\/zhuoruimech.com\/es\/wp-json\/wp\/v2\/types\/product"}],"replies":[{"embeddable":true,"href":"https:\/\/zhuoruimech.com\/es\/wp-json\/wp\/v2\/comments?post=14497"}],"version-history":[{"count":1,"href":"https:\/\/zhuoruimech.com\/es\/wp-json\/wp\/v2\/product\/14497\/revisions"}],"predecessor-version":[{"id":14499,"href":"https:\/\/zhuoruimech.com\/es\/wp-json\/wp\/v2\/product\/14497\/revisions\/14499"}],"wp:featuredmedia":[{"embeddable":true,"href":"https:\/\/zhuoruimech.com\/es\/wp-json\/wp\/v2\/media\/14498"}],"wp:attachment":[{"href":"https:\/\/zhuoruimech.com\/es\/wp-json\/wp\/v2\/media?parent=14497"}],"wp:term":[{"taxonomy":"brand","embeddable":true,"href":"https:\/\/zhuoruimech.com\/es\/wp-json\/wp\/v2\/etheme_brands?post=14497"},{"taxonomy":"product_brand","embeddable":true,"href":"https:\/\/zhuoruimech.com\/es\/wp-json\/wp\/v2\/product_brand?post=14497"},{"taxonomy":"product_cat","embeddable":true,"href":"https:\/\/zhuoruimech.com\/es\/wp-json\/wp\/v2\/product_cat?post=14497"},{"taxonomy":"product_tag","embeddable":true,"href":"https:\/\/zhuoruimech.com\/es\/wp-json\/wp\/v2\/product_tag?post=14497"}],"curies":[{"name":"wp","href":"https:\/\/api.w.org\/{rel}","templated":true}]}}